{"id":521,"date":"2025-09-08T11:38:23","date_gmt":"2025-09-08T14:38:23","guid":{"rendered":"https:\/\/saliaison.com\/?page_id=521"},"modified":"2025-09-11T20:11:42","modified_gmt":"2025-09-11T23:11:42","slug":"work","status":"publish","type":"page","link":"https:\/\/saliaison.com\/pt\/work\/","title":{"rendered":"Trabalho"},"content":{"rendered":"<div data-elementor-type=\"wp-page\" data-elementor-id=\"521\" class=\"elementor elementor-521\" data-elementor-post-type=\"page\">\n\t\t\t\t<div class=\"elementor-element elementor-element-03468c7 e-flex e-con-boxed wpr-particle-no wpr-jarallax-no wpr-parallax-no wpr-sticky-section-no wpr-column-slider-no wpr-equal-height-no e-con e-parent\" data-id=\"03468c7\" data-element_type=\"container\" data-e-type=\"container\">\n\t\t\t\t\t<div class=\"e-con-inner\">\n\t\t\t\t<div class=\"elementor-element elementor-element-e30e894 elementor-widget__width-initial elementor-widget elementor-widget-heading\" data-id=\"e30e894\" data-element_type=\"widget\" data-e-type=\"widget\" data-widget_type=\"heading.default\">\n\t\t\t\t\t<h2 class=\"elementor-heading-title elementor-size-default\">Com foco na visibilidade internacional, nas rela\u00e7\u00f5es institucionais e na gest\u00e3o dos aspectos operacionais da pr\u00e1tica art\u00edstica, o trabalho estrutura-se em tr\u00eas eixos principais:<\/h2>\t\t\t\t<\/div>\n\t\t\t\t\t<\/div>\n\t\t\t\t<\/div>\n\t\t<div class=\"elementor-element elementor-element-9e08c98 e-flex e-con-boxed wpr-particle-no wpr-jarallax-no wpr-parallax-no wpr-sticky-section-no wpr-column-slider-no wpr-equal-height-no e-con e-parent\" data-id=\"9e08c98\" data-element_type=\"container\" data-e-type=\"container\">\n\t\t\t\t\t<div class=\"e-con-inner\">\n\t\t\t\t<div class=\"elementor-element elementor-element-641904a elementor-widget__width-initial elementor-widget elementor-widget-heading\" data-id=\"641904a\" data-element_type=\"widget\" data-e-type=\"widget\" data-widget_type=\"heading.default\">\n\t\t\t\t\t<h2 class=\"elementor-heading-title elementor-size-default\">Rela\u00e7\u00f5es Institucionais e Internacionais<\/h2>\t\t\t\t<\/div>\n\t\t\t\t<div class=\"elementor-element elementor-element-7224776 elementor-widget elementor-widget-text-editor\" data-id=\"7224776\" data-element_type=\"widget\" data-e-type=\"widget\" data-widget_type=\"text-editor.default\">\n\t\t\t\t\t\t\t\t\t<p>Apoio a galerias, funda\u00e7\u00f5es e institui\u00e7\u00f5es culturais para o fortalecimento de parcerias e para a expans\u00e3o das rela\u00e7\u00f5es institucionais e internacionais dos artistas. Da concep\u00e7\u00e3o \u00e0 execu\u00e7\u00e3o.<\/p>\t\t\t\t\t\t\t\t<\/div>\n\t\t\t\t\t<\/div>\n\t\t\t\t<\/div>\n\t\t<div class=\"elementor-element elementor-element-66e851c e-flex e-con-boxed wpr-particle-no wpr-jarallax-no wpr-parallax-no wpr-sticky-section-no wpr-column-slider-no wpr-equal-height-no e-con e-parent\" data-id=\"66e851c\" data-element_type=\"container\" data-e-type=\"container\">\n\t\t\t\t\t<div class=\"e-con-inner\">\n\t\t\t\t<div class=\"elementor-element elementor-element-060f912 elementor-widget__width-initial elementor-widget elementor-widget-heading\" data-id=\"060f912\" data-element_type=\"widget\" data-e-type=\"widget\" data-widget_type=\"heading.default\">\n\t\t\t\t\t<h2 class=\"elementor-heading-title elementor-size-default\">Liaison para Artistas<\/h2>\t\t\t\t<\/div>\n\t\t\t\t<div class=\"elementor-element elementor-element-7cc6083 elementor-widget elementor-widget-text-editor\" data-id=\"7cc6083\" data-element_type=\"widget\" data-e-type=\"widget\" data-widget_type=\"text-editor.default\">\n\t\t\t\t\t\t\t\t\t<p>Apoio a artistas independentes e emergentes em diferentes momentos da sua trajet\u00f3ria:  da produ\u00e7\u00e3o e media\u00e7\u00e3o institucional ao posicionamento estrat\u00e9gico, na articula\u00e7\u00e3o internacional e na facilita\u00e7\u00e3o de vendas. Pode envolver a reestrutura\u00e7\u00e3o de portf\u00f3lios e propostas, mapeamento de resid\u00eancias relevantes e media\u00e7\u00e3o de rela\u00e7\u00f5es institucionais e transnacionais. Este trabalho garante que os projetos e obras sejam profissionalmente geridos, enquanto os artistas permanecem concentrados em sua pr\u00e1tica.<\/p>\t\t\t\t\t\t\t\t<\/div>\n\t\t\t\t\t<\/div>\n\t\t\t\t<\/div>\n\t\t<div class=\"elementor-element elementor-element-74637cf e-flex e-con-boxed wpr-particle-no wpr-jarallax-no wpr-parallax-no wpr-sticky-section-no wpr-column-slider-no wpr-equal-height-no e-con e-parent\" data-id=\"74637cf\" data-element_type=\"container\" data-e-type=\"container\">\n\t\t\t\t\t<div class=\"e-con-inner\">\n\t\t\t\t<div class=\"elementor-element elementor-element-c073ef8 elementor-widget__width-initial elementor-widget elementor-widget-heading\" data-id=\"c073ef8\" data-element_type=\"widget\" data-e-type=\"widget\" data-widget_type=\"heading.default\">\n\t\t\t\t\t<h2 class=\"elementor-heading-title elementor-size-default\">Resid\u00eancias &amp; Programas<\/h2>\t\t\t\t<\/div>\n\t\t\t\t<div class=\"elementor-element elementor-element-3ee9071 elementor-widget elementor-widget-text-editor\" data-id=\"3ee9071\" data-element_type=\"widget\" data-e-type=\"widget\" data-widget_type=\"text-editor.default\">\n\t\t\t\t\t\t\t\t\t<p>Contribui\u00e7\u00e3o para o desenvolvimento, a estrutura\u00e7\u00e3o e a difus\u00e3o de resid\u00eancias art\u00edsticas, programas de galerias e projetos culturais.<\/p>\t\t\t\t\t\t\t\t<\/div>\n\t\t\t\t\t<\/div>\n\t\t\t\t<\/div>\n\t\t\t\t<\/div>","protected":false},"excerpt":{"rendered":"<p>The scope of the work is to expand international visibility, strengthen institutional relations, and manage the operational aspects of artistic practice, implemented through three core fields: Institutional &amp; International Relations Supporting galleries, foundations, and cultural institutions to strengthen partnerships and expand artists\u2019 institutional relations and international presence. From proposal to execution. Artist Liaison Guidance for independent and emerging artists at different stages of their trajectory: from production and institutional mediation to strategic positioning, international outreach, and sales facilitation. This includes restructuring portfolios and proposals, identifying suitable residencies, supporting applications, and fostering institutional and cross-border relations. This work enables artists to refocus on their practice while ensuring projects and artworks are professionally managed, well-placed, and effectively communicated. Residencies &amp; Programmes Facilitating the development and outreach of artistic residencies, gallery programmes, and cultural projects.<\/p>","protected":false},"author":2,"featured_media":91,"parent":0,"menu_order":0,"comment_status":"closed","ping_status":"closed","template":"elementor_header_footer","meta":{"footnotes":""},"class_list":["post-521","page","type-page","status-publish","has-post-thumbnail","hentry"],"_links":{"self":[{"href":"https:\/\/saliaison.com\/pt\/wp-json\/wp\/v2\/pages\/521","targetHints":{"allow":["GET"]}}],"collection":[{"href":"https:\/\/saliaison.com\/pt\/wp-json\/wp\/v2\/pages"}],"about":[{"href":"https:\/\/saliaison.com\/pt\/wp-json\/wp\/v2\/types\/page"}],"author":[{"embeddable":true,"href":"https:\/\/saliaison.com\/pt\/wp-json\/wp\/v2\/users\/2"}],"replies":[{"embeddable":true,"href":"https:\/\/saliaison.com\/pt\/wp-json\/wp\/v2\/comments?post=521"}],"version-history":[{"count":16,"href":"https:\/\/saliaison.com\/pt\/wp-json\/wp\/v2\/pages\/521\/revisions"}],"predecessor-version":[{"id":555,"href":"https:\/\/saliaison.com\/pt\/wp-json\/wp\/v2\/pages\/521\/revisions\/555"}],"wp:featuredmedia":[{"embeddable":true,"href":"https:\/\/saliaison.com\/pt\/wp-json\/wp\/v2\/media\/91"}],"wp:attachment":[{"href":"https:\/\/saliaison.com\/pt\/wp-json\/wp\/v2\/media?parent=521"}],"curies":[{"name":"wp","href":"https:\/\/api.w.org\/{rel}","templated":true}]}}