{"id":245,"date":"2025-08-14T20:02:59","date_gmt":"2025-08-14T23:02:59","guid":{"rendered":"https:\/\/saliaison.com\/?page_id=245"},"modified":"2025-09-11T21:33:19","modified_gmt":"2025-09-12T00:33:19","slug":"nuno-sousa-vieira-solo-exhibition","status":"publish","type":"page","link":"https:\/\/saliaison.com\/pt\/nuno-sousa-vieira-solo-exhibition\/","title":{"rendered":"Nuno Sousa Vieira solo exhibition"},"content":{"rendered":"<p class=\"attachment\"><a href='https:\/\/saliaison.com\/wp-content\/uploads\/2025\/08\/05_DIN4423.png'><img fetchpriority=\"high\" decoding=\"async\" width=\"300\" height=\"200\" src=\"https:\/\/saliaison.com\/wp-content\/uploads\/2025\/08\/05_DIN4423-300x200.png\" class=\"attachment-medium size-medium\" alt=\"\" srcset=\"https:\/\/saliaison.com\/wp-content\/uploads\/2025\/08\/05_DIN4423-300x200.png 300w, https:\/\/saliaison.com\/wp-content\/uploads\/2025\/08\/05_DIN4423-1024x683.png 1024w, https:\/\/saliaison.com\/wp-content\/uploads\/2025\/08\/05_DIN4423-768x512.png 768w, https:\/\/saliaison.com\/wp-content\/uploads\/2025\/08\/05_DIN4423-1536x1024.png 1536w, https:\/\/saliaison.com\/wp-content\/uploads\/2025\/08\/05_DIN4423.png 1920w\" sizes=\"(max-width: 300px) 100vw, 300px\" \/><\/a><\/p>\n\t\t<div data-elementor-type=\"wp-page\" data-elementor-id=\"245\" class=\"elementor elementor-245\" data-elementor-post-type=\"page\">\n\t\t\t\t<div class=\"elementor-element elementor-element-59a38ee e-flex e-con-boxed wpr-particle-no wpr-jarallax-no wpr-parallax-no wpr-sticky-section-no wpr-column-slider-no wpr-equal-height-no e-con e-parent\" data-id=\"59a38ee\" data-element_type=\"container\" data-e-type=\"container\">\n\t\t\t\t\t<div class=\"e-con-inner\">\n\t\t\t\t<div class=\"elementor-element elementor-element-95a31b0 wpr-grid-columns-1 wpr-grid-columns--tablet3 wpr-grid-columns--mobile1 elementor-widget elementor-widget-wpr-media-grid\" data-id=\"95a31b0\" data-element_type=\"widget\" data-e-type=\"widget\" data-widget_type=\"wpr-media-grid.default\">\n\t\t\t\t\t<section class=\"wpr-grid wpr-media-grid elementor-clearfix\" data-settings=\"{&quot;layout&quot;:&quot;masonry&quot;,&quot;columns_desktop&quot;:&quot;1&quot;,&quot;gutter_hr&quot;:10,&quot;gutter_hr_mobile&quot;:10,&quot;gutter_hr_mobile_extra&quot;:10,&quot;gutter_hr_tablet&quot;:10,&quot;gutter_hr_tablet_extra&quot;:10,&quot;gutter_hr_laptop&quot;:10,&quot;gutter_hr_widescreen&quot;:10,&quot;gutter_vr&quot;:10,&quot;gutter_vr_mobile&quot;:10,&quot;gutter_vr_mobile_extra&quot;:10,&quot;gutter_vr_tablet&quot;:10,&quot;gutter_vr_tablet_extra&quot;:10,&quot;gutter_vr_laptop&quot;:10,&quot;gutter_vr_widescreen&quot;:10,&quot;animation&quot;:&quot;default&quot;,&quot;animation_duration&quot;:0.3,&quot;animation_delay&quot;:0.1,&quot;deeplinking&quot;:&quot;&quot;,&quot;filters_default_filter&quot;:&quot;&quot;,&quot;filters_linkable&quot;:&quot;no&quot;,&quot;filters_count&quot;:&quot;&quot;,&quot;filters_hide_empty&quot;:&quot;no&quot;,&quot;filters_animation&quot;:&quot;default&quot;,&quot;filters_animation_duration&quot;:0.3,&quot;filters_animation_delay&quot;:0.1,&quot;pagination_type&quot;:&quot;load-more&quot;,&quot;pagination_max_pages&quot;:1,&quot;lightbox&quot;:{&quot;selector&quot;:&quot;.wpr-grid-image-wrap&quot;,&quot;iframeMaxWidth&quot;:&quot;60%&quot;,&quot;hash&quot;:false,&quot;autoplay&quot;:&quot;&quot;,&quot;pause&quot;:5000,&quot;progressBar&quot;:&quot;true&quot;,&quot;counter&quot;:&quot;true&quot;,&quot;controls&quot;:&quot;true&quot;,&quot;getCaptionFromTitleOrAlt&quot;:&quot;&quot;,&quot;thumbnail&quot;:&quot;&quot;,&quot;showThumbByDefault&quot;:&quot;&quot;,&quot;share&quot;:&quot;&quot;,&quot;zoom&quot;:&quot;&quot;,&quot;fullScreen&quot;:&quot;true&quot;,&quot;download&quot;:&quot;&quot;}}\"><article class=\"wpr-grid-item elementor-clearfix post-247 attachment type-attachment status-inherit hentry\"><div class=\"wpr-grid-item-inner\"><div class=\"wpr-grid-media-wrap wpr-effect-size-small\"><div class=\"wpr-grid-image-wrap\" data-src=\"https:\/\/saliaison.com\/wp-content\/uploads\/2025\/08\/01_DIN4397.png\"><img decoding=\"async\" src=\"https:\/\/saliaison.com\/wp-content\/uploads\/2025\/08\/01_DIN4397.png\" alt=\"01_DIN4397\" class=\"wpr-anim-timing-ease-default\"><\/div><div class=\"wpr-grid-media-hover wpr-animation-wrap\"><div class=\"wpr-grid-media-hover-bg  wpr-overlay-fade-in wpr-anim-size-large wpr-anim-timing-ease-default wpr-anim-transparency\" data-url=\"https:\/\/saliaison.com\/pt\/01_din4397\/\"><\/div><div class=\"wpr-cv-container\"><div class=\"wpr-cv-outer\"><div class=\"wpr-cv-inner\"><div class=\"wpr-grid-media-hover-middle elementor-clearfix\"><div class=\"wpr-grid-item-lightbox elementor-repeater-item-14fd8f3 wpr-grid-item-display-block wpr-grid-item-align-center wpr-element-fade-in wpr-anim-size-large wpr-anim-timing-ease-default wpr-anim-transparency\"><div class=\"inner-block\"><span data-src=\"https:\/\/saliaison.com\/wp-content\/uploads\/2025\/08\/01_DIN4397.png\"><i class=\"\"><\/i><\/span><div class=\"wpr-grid-lightbox-overlay\"><\/div><\/div><\/div><\/div><\/div><\/div><\/div><\/div><\/div><\/div><\/article><article class=\"wpr-grid-item elementor-clearfix post-248 attachment type-attachment status-inherit hentry\"><div class=\"wpr-grid-item-inner\"><div class=\"wpr-grid-media-wrap wpr-effect-size-small\"><div class=\"wpr-grid-image-wrap\" data-src=\"https:\/\/saliaison.com\/wp-content\/uploads\/2025\/08\/02_DIN4396.png\"><img decoding=\"async\" src=\"https:\/\/saliaison.com\/wp-content\/uploads\/2025\/08\/02_DIN4396.png\" alt=\"Nuno Sousa Vieira solo exhibition | um entre n\u00f3s @ Galeria Raquel Arnaud\" class=\"wpr-anim-timing-ease-default\"><\/div><div class=\"wpr-grid-media-hover wpr-animation-wrap\"><div class=\"wpr-grid-media-hover-bg  wpr-overlay-fade-in wpr-anim-size-large wpr-anim-timing-ease-default wpr-anim-transparency\" data-url=\"https:\/\/saliaison.com\/pt\/02_din4396\/\"><\/div><div class=\"wpr-cv-container\"><div class=\"wpr-cv-outer\"><div class=\"wpr-cv-inner\"><div class=\"wpr-grid-media-hover-middle elementor-clearfix\"><div class=\"wpr-grid-item-lightbox elementor-repeater-item-14fd8f3 wpr-grid-item-display-block wpr-grid-item-align-center wpr-element-fade-in wpr-anim-size-large wpr-anim-timing-ease-default wpr-anim-transparency\"><div class=\"inner-block\"><span data-src=\"https:\/\/saliaison.com\/wp-content\/uploads\/2025\/08\/02_DIN4396.png\"><i class=\"\"><\/i><\/span><div class=\"wpr-grid-lightbox-overlay\"><\/div><\/div><\/div><\/div><\/div><\/div><\/div><\/div><\/div><\/div><\/article><article class=\"wpr-grid-item elementor-clearfix post-249 attachment type-attachment status-inherit hentry\"><div class=\"wpr-grid-item-inner\"><div class=\"wpr-grid-media-wrap wpr-effect-size-small\"><div class=\"wpr-grid-image-wrap\" data-src=\"https:\/\/saliaison.com\/wp-content\/uploads\/2025\/08\/03_DIN4414.png\"><img decoding=\"async\" src=\"https:\/\/saliaison.com\/wp-content\/uploads\/2025\/08\/03_DIN4414.png\" alt=\"03_DIN4414\" class=\"wpr-anim-timing-ease-default\"><\/div><div class=\"wpr-grid-media-hover wpr-animation-wrap\"><div class=\"wpr-grid-media-hover-bg  wpr-overlay-fade-in wpr-anim-size-large wpr-anim-timing-ease-default wpr-anim-transparency\" data-url=\"https:\/\/saliaison.com\/pt\/03_din4414\/\"><\/div><div class=\"wpr-cv-container\"><div class=\"wpr-cv-outer\"><div class=\"wpr-cv-inner\"><div class=\"wpr-grid-media-hover-middle elementor-clearfix\"><div class=\"wpr-grid-item-lightbox elementor-repeater-item-14fd8f3 wpr-grid-item-display-block wpr-grid-item-align-center wpr-element-fade-in wpr-anim-size-large wpr-anim-timing-ease-default wpr-anim-transparency\"><div class=\"inner-block\"><span data-src=\"https:\/\/saliaison.com\/wp-content\/uploads\/2025\/08\/03_DIN4414.png\"><i class=\"\"><\/i><\/span><div class=\"wpr-grid-lightbox-overlay\"><\/div><\/div><\/div><\/div><\/div><\/div><\/div><\/div><\/div><\/div><\/article><article class=\"wpr-grid-item elementor-clearfix post-250 attachment type-attachment status-inherit hentry\"><div class=\"wpr-grid-item-inner\"><div class=\"wpr-grid-media-wrap wpr-effect-size-small\"><div class=\"wpr-grid-image-wrap\" data-src=\"https:\/\/saliaison.com\/wp-content\/uploads\/2025\/08\/04_CAPA_DIN4418.png\"><img decoding=\"async\" src=\"https:\/\/saliaison.com\/wp-content\/uploads\/2025\/08\/04_CAPA_DIN4418.png\" alt=\"Nuno Sousa Vieira solo exhibition | um entre n\u00f3s @ Galeria Raquel Arnaud\" class=\"wpr-anim-timing-ease-default\"><\/div><div class=\"wpr-grid-media-hover wpr-animation-wrap\"><div class=\"wpr-grid-media-hover-bg  wpr-overlay-fade-in wpr-anim-size-large wpr-anim-timing-ease-default wpr-anim-transparency\" data-url=\"https:\/\/saliaison.com\/pt\/04_capa_din4418\/\"><\/div><div class=\"wpr-cv-container\"><div class=\"wpr-cv-outer\"><div class=\"wpr-cv-inner\"><div class=\"wpr-grid-media-hover-middle elementor-clearfix\"><div class=\"wpr-grid-item-lightbox elementor-repeater-item-14fd8f3 wpr-grid-item-display-block wpr-grid-item-align-center wpr-element-fade-in wpr-anim-size-large wpr-anim-timing-ease-default wpr-anim-transparency\"><div class=\"inner-block\"><span data-src=\"https:\/\/saliaison.com\/wp-content\/uploads\/2025\/08\/04_CAPA_DIN4418.png\"><i class=\"\"><\/i><\/span><div class=\"wpr-grid-lightbox-overlay\"><\/div><\/div><\/div><\/div><\/div><\/div><\/div><\/div><\/div><\/div><\/article><article class=\"wpr-grid-item elementor-clearfix post-251 attachment type-attachment status-inherit hentry\"><div class=\"wpr-grid-item-inner\"><div class=\"wpr-grid-media-wrap wpr-effect-size-small\"><div class=\"wpr-grid-image-wrap\" data-src=\"https:\/\/saliaison.com\/wp-content\/uploads\/2025\/08\/05_DIN4423.png\"><img decoding=\"async\" src=\"https:\/\/saliaison.com\/wp-content\/uploads\/2025\/08\/05_DIN4423.png\" alt=\"05_DIN4423\" class=\"wpr-anim-timing-ease-default\"><\/div><div class=\"wpr-grid-media-hover wpr-animation-wrap\"><div class=\"wpr-grid-media-hover-bg  wpr-overlay-fade-in wpr-anim-size-large wpr-anim-timing-ease-default wpr-anim-transparency\" data-url=\"https:\/\/saliaison.com\/pt\/05_din4423\/\"><\/div><div class=\"wpr-cv-container\"><div class=\"wpr-cv-outer\"><div class=\"wpr-cv-inner\"><div class=\"wpr-grid-media-hover-middle elementor-clearfix\"><div class=\"wpr-grid-item-lightbox elementor-repeater-item-14fd8f3 wpr-grid-item-display-block wpr-grid-item-align-center wpr-element-fade-in wpr-anim-size-large wpr-anim-timing-ease-default wpr-anim-transparency\"><div class=\"inner-block\"><span data-src=\"https:\/\/saliaison.com\/wp-content\/uploads\/2025\/08\/05_DIN4423.png\"><i class=\"\"><\/i><\/span><div class=\"wpr-grid-lightbox-overlay\"><\/div><\/div><\/div><\/div><\/div><\/div><\/div><\/div><\/div><\/div><\/article><\/section>\t\t\t\t<\/div>\n\t\t\t\t\t<\/div>\n\t\t\t\t<\/div>\n\t\t<div class=\"elementor-element elementor-element-f8a3e99 e-flex e-con-boxed wpr-particle-no wpr-jarallax-no wpr-parallax-no wpr-sticky-section-no wpr-column-slider-no wpr-equal-height-no e-con e-parent\" data-id=\"f8a3e99\" data-element_type=\"container\" data-e-type=\"container\">\n\t\t\t\t\t<div class=\"e-con-inner\">\n\t\t\t\t<div class=\"elementor-element elementor-element-1835804 elementor-widget__width-initial elementor-widget elementor-widget-heading\" data-id=\"1835804\" data-element_type=\"widget\" data-e-type=\"widget\" data-widget_type=\"heading.default\">\n\t\t\t\t\t<h2 class=\"elementor-heading-title elementor-size-default\">\u00a9 Ding Musa<\/h2>\t\t\t\t<\/div>\n\t\t\t\t<div class=\"elementor-element elementor-element-b9c9562 elementor-widget__width-initial elementor-widget elementor-widget-heading\" data-id=\"b9c9562\" data-element_type=\"widget\" data-e-type=\"widget\" data-widget_type=\"heading.default\">\n\t\t\t\t\t<h2 class=\"elementor-heading-title elementor-size-default\">Exposi\u00e7\u00e3o individual de Nuno Sousa Vieira | um entre n\u00f3s @ <a href=\"https:\/\/raquelarnaud.com\/exposicoes\/nuno-sousa-vieira_-um-entre-nos\/\" style=\"text-decoration: underline\">Galeria Raquel Arnaud<\/a><\/h2>\t\t\t\t<\/div>\n\t\t\t\t\t<\/div>\n\t\t\t\t<\/div>\n\t\t\t\t<\/div>","protected":false},"excerpt":{"rendered":"<p>\u00a9 Ding Musa Nuno Sousa Vieira solo exhibition | um entre n\u00f3s @ Galeria Raquel Arnaud<\/p>","protected":false},"author":2,"featured_media":31,"parent":0,"menu_order":0,"comment_status":"closed","ping_status":"closed","template":"elementor_header_footer","meta":{"footnotes":""},"class_list":["post-245","page","type-page","status-publish","has-post-thumbnail","hentry"],"_links":{"self":[{"href":"https:\/\/saliaison.com\/pt\/wp-json\/wp\/v2\/pages\/245","targetHints":{"allow":["GET"]}}],"collection":[{"href":"https:\/\/saliaison.com\/pt\/wp-json\/wp\/v2\/pages"}],"about":[{"href":"https:\/\/saliaison.com\/pt\/wp-json\/wp\/v2\/types\/page"}],"author":[{"embeddable":true,"href":"https:\/\/saliaison.com\/pt\/wp-json\/wp\/v2\/users\/2"}],"replies":[{"embeddable":true,"href":"https:\/\/saliaison.com\/pt\/wp-json\/wp\/v2\/comments?post=245"}],"version-history":[{"count":10,"href":"https:\/\/saliaison.com\/pt\/wp-json\/wp\/v2\/pages\/245\/revisions"}],"predecessor-version":[{"id":604,"href":"https:\/\/saliaison.com\/pt\/wp-json\/wp\/v2\/pages\/245\/revisions\/604"}],"wp:featuredmedia":[{"embeddable":true,"href":"https:\/\/saliaison.com\/pt\/wp-json\/wp\/v2\/media\/31"}],"wp:attachment":[{"href":"https:\/\/saliaison.com\/pt\/wp-json\/wp\/v2\/media?parent=245"}],"curies":[{"name":"wp","href":"https:\/\/api.w.org\/{rel}","templated":true}]}}