{"id":18,"date":"2025-08-13T19:30:22","date_gmt":"2025-08-13T19:30:22","guid":{"rendered":"https:\/\/saliaison.com\/?page_id=18"},"modified":"2025-09-11T20:17:14","modified_gmt":"2025-09-11T23:17:14","slug":"about","status":"publish","type":"page","link":"https:\/\/saliaison.com\/pt\/about\/","title":{"rendered":"Sobre"},"content":{"rendered":"<div data-elementor-type=\"wp-page\" data-elementor-id=\"18\" class=\"elementor elementor-18\" data-elementor-post-type=\"page\">\n\t\t\t\t<div class=\"elementor-element elementor-element-7ff4db9 e-flex e-con-boxed wpr-particle-no wpr-jarallax-no wpr-parallax-no wpr-sticky-section-no wpr-column-slider-no wpr-equal-height-no e-con e-parent\" data-id=\"7ff4db9\" data-element_type=\"container\" data-e-type=\"container\">\n\t\t\t\t\t<div class=\"e-con-inner\">\n\t\t<div class=\"elementor-element elementor-element-8cadf99 e-con-full e-flex wpr-particle-no wpr-jarallax-no wpr-parallax-no wpr-sticky-section-no wpr-column-slider-no wpr-equal-height-no e-con e-child\" data-id=\"8cadf99\" data-element_type=\"container\" data-e-type=\"container\">\n\t\t\t\t<div class=\"elementor-element elementor-element-f277cde elementor-widget elementor-widget-text-editor\" data-id=\"f277cde\" data-element_type=\"widget\" data-e-type=\"widget\" data-widget_type=\"text-editor.default\">\n\t\t\t\t\t\t\t\t\t<p class=\"translation-block\"><strong>Gabriella S\u00e1<\/strong> \u00e9 uma Liaison cultural, baseada entre Lisboa e S\u00e3o Paulo, que faz media\u00e7\u00e3o de parcerias e desenvolve projetos de arte contempor\u00e2nea para artistas e entidades culturais desde 2017.<\/p><p>Apoia artistas independentes e emergentes em diferentes fases da sua trajet\u00f3ria, fomenta iniciativas internacionais e fortalece rela\u00e7\u00f5es institucionais.<\/p><p class=\"translation-block\">Tamb\u00e9m contribui para o desenvolvimento de programas de resid\u00eancias art\u00edsticas e galerias. J\u00e1 colaborou com entidades como <span style=\"text-decoration: underline\"><a href=\"https:\/\/raquelarnaud.com\/en\/homepage\/\" target=\"_blank\" rel=\"noopener\">Galeria Raquel Arnaud<\/a><\/span> (BR\u2013PT), <span style=\"text-decoration: underline\"><a href=\"https:\/\/3m1arte.com\/en\/homepage\/\" target=\"_blank\" rel=\"noopener\">3+1 Arte Contempor\u00e2nea<\/a><\/span> (PT), <a href=\"https:\/\/www.galeriamadragoa.pt\/\" target=\"_blank\" rel=\"noopener\"><span style=\"text-decoration: underline\">Galeria Madragoa<\/span><\/a> (PT), <span style=\"text-decoration: underline\"><a href=\"https:\/\/appleton.pt\/\" target=\"_blank\" rel=\"noopener\">Appleton<\/a> <\/span> (PT) e <a href=\"https:\/\/villavilla.co\/\" target=\"_blank\" rel=\"noopener\"><span style=\"text-decoration: underline\">Villa Villa<\/span><\/a>  (UK) \u2014 um programa art\u00edstico ligado ao clima e \u00e0 regenera\u00e7\u00e3o. Atuou ainda com a <span style=\"text-decoration: underline\"><a href=\"https:\/\/www.pelaterra.pt\/en\/home\" target=\"_blank\" rel=\"noopener\">Pela Terra<\/a><\/span> (PT), um Encontro Bienal de Arte e Ecologia que explora a cultura regenerativa por meio de interven\u00e7\u00f5es art\u00edsticas, organizado pela ACAM (Associa\u00e7\u00e3o Cultural Armando Martins \u00b9) em parceria com o <a href=\"https:\/\/www.idanha-a-vida.pt\/en\/home\" target=\"_blank\" rel=\"noopener\"><span style=\"text-decoration: underline\">Idanha-\u00e0-Vida<\/span><\/a> \u00b2.<\/p><p><span style=\"font-weight: 400;\">S\u00e1 acompanha artistas, galerias, funda\u00e7\u00f5es e institui\u00e7\u00f5es nos desafios estrat\u00e9gicos, operacionais e relacionais da produ\u00e7\u00e3o art\u00edstica desde o desenvolvimento de projetos at\u00e9 a articula\u00e7\u00e3o institucional.<\/span><\/p><p><span style=\"font-weight: 400;\">Com experi\u00eancia em opera\u00e7\u00f5es de galerias, rela\u00e7\u00f5es institucionais e coordena\u00e7\u00e3o internacional, oferece suporte estrat\u00e9gico para ampliar a visibilidade cultural e consolidar parcerias duradouras \u2014 no Brasil e no exterior.<\/span><\/p><p><span style=\"font-weight: 400;\">Com forte compromisso com a ecologia e abordagens culturais sustent\u00e1veis, S\u00e1 contribui para o desenvolvimento de pr\u00e1ticas regenerativas e projetos politicamente engajados. \u00c9 formada em Design pelo Istituto Europeo di Design (SP\u2013MI), aprofundou seus estudos em Hist\u00f3ria da Arte, com o cr\u00edtico de arte Rodrigo Naves (SP) e em  Fenomenologia no Nature Institute (NYC). Frequentou cursos de Curadoria e Mercado &amp; Colecionismo de Arte na Universidade NOVA (LX).<\/span><\/p>\t\t\t\t\t\t\t\t<\/div>\n\t\t\t\t<div class=\"elementor-element elementor-element-df18672 elementor-widget elementor-widget-text-editor\" data-id=\"df18672\" data-element_type=\"widget\" data-e-type=\"widget\" data-widget_type=\"text-editor.default\">\n\t\t\t\t\t\t\t\t\t<p class=\"translation-block\"><span style=\"font-weight: 400\">\u00b9 ACAM \u2013 Associa\u00e7\u00e3o Cultural Armando Martins est\u00e1 ligada \u00e0 atua\u00e7\u00e3o cultural de Armando Martins, colecionador e fundador do <\/span><a href=\"https:\/\/macam.pt\/en\" target=\"_self\"><span style=\"font-weight: 400\"><span style=\"text-decoration: underline\">MACAM<\/span><\/span><\/a><span style=\"font-weight: 400\"> \u2013 Museu de Arte Contempor\u00e2nea Armando Martins, em Lisboa.<\/span><\/p><p class=\"translation-block\"><span style=\"font-weight: 400\">\u00b2 <\/span><a href=\"https:\/\/www.idanha-a-vida.pt\/en\/home\" target=\"_self\"><span style=\"font-weight: 400\"><span style=\"text-decoration: underline\">Idanha-\u00e0-Vida<\/span><\/span><\/a><span style=\"font-weight: 400\"> \u00e9 um projeto de regenera\u00e7\u00e3o de 1.600 hectares em Idanha-a-Velha, que promove a resili\u00eancia ecol\u00f3gica e social atrav\u00e9s de uma abordagem hol\u00edstica e comunit\u00e1ria.<\/span><\/p>\t\t\t\t\t\t\t\t<\/div>\n\t\t\t\t<\/div>\n\t\t<div class=\"elementor-element elementor-element-887ce4d e-con-full e-flex wpr-particle-no wpr-jarallax-no wpr-parallax-no wpr-sticky-section-no wpr-column-slider-no wpr-equal-height-no e-con e-child\" data-id=\"887ce4d\" data-element_type=\"container\" data-e-type=\"container\">\n\t\t\t\t<div class=\"elementor-element elementor-element-47e95bb elementor-widget elementor-widget-image\" data-id=\"47e95bb\" data-element_type=\"widget\" data-e-type=\"widget\" data-widget_type=\"image.default\">\n\t\t\t\t\t\t\t\t\t\t\t\t\t\t\t<img fetchpriority=\"high\" decoding=\"async\" width=\"1080\" height=\"1620\" src=\"https:\/\/saliaison.com\/wp-content\/uploads\/2025\/08\/gabriella-sa-liaison.png\" class=\"attachment-full size-full wp-image-315\" alt=\"\" srcset=\"https:\/\/saliaison.com\/wp-content\/uploads\/2025\/08\/gabriella-sa-liaison.png 1080w, https:\/\/saliaison.com\/wp-content\/uploads\/2025\/08\/gabriella-sa-liaison-200x300.png 200w, https:\/\/saliaison.com\/wp-content\/uploads\/2025\/08\/gabriella-sa-liaison-683x1024.png 683w, https:\/\/saliaison.com\/wp-content\/uploads\/2025\/08\/gabriella-sa-liaison-768x1152.png 768w, https:\/\/saliaison.com\/wp-content\/uploads\/2025\/08\/gabriella-sa-liaison-1024x1536.png 1024w\" sizes=\"(max-width: 1080px) 100vw, 1080px\" \/>\t\t\t\t\t\t\t\t\t\t\t\t\t\t\t<\/div>\n\t\t\t\t<\/div>\n\t\t\t\t\t<\/div>\n\t\t\t\t<\/div>\n\t\t\t\t<\/div>","protected":false},"excerpt":{"rendered":"<p>Gabriella S\u00e1 is a cultural liaison based between Lisbon and S\u00e3o Paulo, mediating partnerships and developing contemporary art projects for artists and cultural entities alike since 2017. She supports independent and emerging artists at various stages of their trajectory, develops international initiatives, and facilitates institutional relations. She also contributes to the development of programmes for artistic residencies and galleries, and has collaborated with notable entities including Galeria Raquel Arnaud (BR\u2013PT), 3+1 Arte Contempor\u00e2nea (PT), Galeria Madragoa (PT), Appleton (PT), Villa Villa (UK) \u2014 an arts programme focused on climate and regeneration \u2014 and Pela Terra (PT), a biennial gathering of art and ecology organised by ACAM \u2013 Associa\u00e7\u00e3o Cultural Armando Martins\u00b9 and in partnership with Idanha-\u00e0-Vida \u00b2 , to explore regenerative culture through artistic interventions. Working across development and outreach, S\u00e1 supports artists, galleries, foundations, and institutions in navigating the strategic, operational, and relational demands of contemporary artistic production. Drawing on her experience in gallery operations, institutional relations, and international project coordination, she offers personalised assistance to foster cultural visibility and build effective partnerships\u2014locally and internationally. With a strong commitment to deep ecology and environmentally sustainable cultural practices, she contributes to the development of regenerative practices and politically engaged projects. She holds a degree in Design from the European Design Institute (SP\u2013MI) and furthered her studies in Art History (Rodrigo Naves, SP), Phenomenology (The Nature Institute, NYC), as well as postgraduate coursework in Curatorship and Art Market &amp; Collecting at NOVA University (LX). \u00b9 ACAM \u2013 Armando Martins Cultural Association is connected to the cultural work of Armando Martins, collector and founder of MACAM \u2013 Museum of Contemporary Art Armando Martins, in Lisbon. \u00b2 Idanha-\u00e0-Vida is a 1,600-hectare regeneration project in Idanha-a-Velha, fostering ecological and social resilience through a holistic, community-led approach.<\/p>","protected":false},"author":2,"featured_media":91,"parent":0,"menu_order":0,"comment_status":"closed","ping_status":"closed","template":"elementor_header_footer","meta":{"footnotes":""},"class_list":["post-18","page","type-page","status-publish","has-post-thumbnail","hentry"],"_links":{"self":[{"href":"https:\/\/saliaison.com\/pt\/wp-json\/wp\/v2\/pages\/18","targetHints":{"allow":["GET"]}}],"collection":[{"href":"https:\/\/saliaison.com\/pt\/wp-json\/wp\/v2\/pages"}],"about":[{"href":"https:\/\/saliaison.com\/pt\/wp-json\/wp\/v2\/types\/page"}],"author":[{"embeddable":true,"href":"https:\/\/saliaison.com\/pt\/wp-json\/wp\/v2\/users\/2"}],"replies":[{"embeddable":true,"href":"https:\/\/saliaison.com\/pt\/wp-json\/wp\/v2\/comments?post=18"}],"version-history":[{"count":38,"href":"https:\/\/saliaison.com\/pt\/wp-json\/wp\/v2\/pages\/18\/revisions"}],"predecessor-version":[{"id":567,"href":"https:\/\/saliaison.com\/pt\/wp-json\/wp\/v2\/pages\/18\/revisions\/567"}],"wp:featuredmedia":[{"embeddable":true,"href":"https:\/\/saliaison.com\/pt\/wp-json\/wp\/v2\/media\/91"}],"wp:attachment":[{"href":"https:\/\/saliaison.com\/pt\/wp-json\/wp\/v2\/media?parent=18"}],"curies":[{"name":"wp","href":"https:\/\/api.w.org\/{rel}","templated":true}]}}