{"id":11,"date":"2025-08-13T19:03:20","date_gmt":"2025-08-13T19:03:20","guid":{"rendered":"https:\/\/saliaison.com\/?page_id=11"},"modified":"2025-09-16T07:57:04","modified_gmt":"2025-09-16T10:57:04","slug":"home","status":"publish","type":"page","link":"https:\/\/saliaison.com\/pt\/","title":{"rendered":"Home"},"content":{"rendered":"<div data-elementor-type=\"wp-page\" data-elementor-id=\"11\" class=\"elementor elementor-11\" data-elementor-post-type=\"page\">\n\t\t\t\t<div class=\"elementor-element elementor-element-1176c92 e-con-full e-flex wpr-particle-no wpr-jarallax-no wpr-parallax-no wpr-sticky-section-no wpr-column-slider-no wpr-equal-height-no e-con e-parent\" data-id=\"1176c92\" data-element_type=\"container\" data-e-type=\"container\">\n\t\t\t\t<div class=\"elementor-element elementor-element-d667314 elementor--h-position-left elementor--v-position-bottom elementor-arrows-position-inside elementor-widget elementor-widget-slides\" data-id=\"d667314\" data-element_type=\"widget\" data-e-type=\"widget\" data-settings=\"{&quot;navigation&quot;:&quot;arrows&quot;,&quot;autoplay&quot;:&quot;yes&quot;,&quot;pause_on_hover&quot;:&quot;yes&quot;,&quot;pause_on_interaction&quot;:&quot;yes&quot;,&quot;autoplay_speed&quot;:5000,&quot;infinite&quot;:&quot;yes&quot;,&quot;transition&quot;:&quot;slide&quot;,&quot;transition_speed&quot;:500}\" data-widget_type=\"slides.default\">\n\t\t\t\t\t\t\t\t\t\t<div class=\"elementor-slides-wrapper elementor-main-swiper swiper\" role=\"region\" aria-roledescription=\"carousel\" aria-label=\"Slides\" dir=\"ltr\" data-animation=\"fadeInUp\">\n\t\t\t\t<div class=\"swiper-wrapper elementor-slides\">\n\t\t\t\t\t\t\t\t\t\t<div class=\"elementor-repeater-item-402051b swiper-slide\" role=\"group\" aria-roledescription=\"slide\"><div class=\"swiper-slide-bg\" role=\"img\" aria-label=\"Exposi\u00e7\u00e3o individual de Carlos Nunes | ABASEDOTETODESABA @ Galeria 3+1\"><\/div><a class=\"swiper-slide-inner\" href=\"https:\/\/saliaison.com\/pt\/carlos-nunes-solo-exhibition-abasedotetodesaba\/\"><div class=\"swiper-slide-contents\"><div class=\"elementor-slide-description\">Exposi\u00e7\u00e3o individual de Carlos Nunes I ABASEDOTETODESABA @ Galeria 3+1 | <span style=\"font-weight:600; letter-spacing:0.09em;\">VER +<\/span><\/div><\/div><\/a><\/div><div class=\"elementor-repeater-item-3350730 swiper-slide\" role=\"group\" aria-roledescription=\"slide\"><div class=\"swiper-slide-bg\" role=\"img\" aria-label=\"Exposi\u00e7\u00e3o individual de Carlos Nunes |  PRONCOV\u00d4 @ Appleton\"><\/div><a class=\"swiper-slide-inner\" href=\"https:\/\/saliaison.com\/pt\/carlos-nunes-solo-exhibition-proncovo\/\"><div class=\"swiper-slide-contents\"><div class=\"elementor-slide-description\">Exposi\u00e7\u00e3o individual de Carlos Nunes |  PRONCOV\u00d4 @ Appleton | <span style=\"font-weight:600; letter-spacing:0.09em;\">VER +<\/span><\/div><\/div><\/a><\/div><div class=\"elementor-repeater-item-b34ea1a swiper-slide\" role=\"group\" aria-roledescription=\"slide\"><div class=\"swiper-slide-bg\" role=\"img\" aria-label=\"Collective Art Show @ \u00e3 (independent art space in LX)\"><\/div><a class=\"swiper-slide-inner\" href=\"https:\/\/saliaison.com\/pt\/collective-art-show\/\"><div class=\"swiper-slide-contents\"><div class=\"elementor-slide-description\">Collective Art Show @ \u00e3 (independent art space in LX) | <span style=\"font-weight:600; letter-spacing:0.09em;\">VER +<\/span><\/div><\/div><\/a><\/div><div class=\"elementor-repeater-item-21c6045 swiper-slide\" role=\"group\" aria-roledescription=\"slide\"><div class=\"swiper-slide-bg\" role=\"img\" aria-label=\"Exposi\u00e7\u00e3o individual de Nuno Sousa Vieira | um entre n\u00f3s @ Galeria Raquel Arnaud\"><\/div><a class=\"swiper-slide-inner\" href=\"https:\/\/saliaison.com\/pt\/nuno-sousa-vieira-solo-exhibition\/\"><div class=\"swiper-slide-contents\"><div class=\"elementor-slide-description\">Exposi\u00e7\u00e3o individual de Nuno Sousa Vieira | um entre n\u00f3s @ Galeria Raquel Arnaud | <span style=\"font-weight:600; letter-spacing:0.09em;\">VER +<\/span><\/div><\/div><\/a><\/div><div class=\"elementor-repeater-item-cf25a33 swiper-slide\" role=\"group\" aria-roledescription=\"slide\"><div class=\"swiper-slide-bg\" role=\"img\" aria-label=\"Pela Terra \u2013 Encontro Bienal de Arte e Ecologia (2023-2025)\"><\/div><a class=\"swiper-slide-inner\" href=\"https:\/\/saliaison.com\/pt\/pela-terra-biennial-gathering-of-art-ecology\/\"><div class=\"swiper-slide-contents\"><div class=\"elementor-slide-description\">Pela Terra \u2013 Encontro Bienal de Arte e Ecologia (2023-2025) | <span style=\"font-weight:600; letter-spacing:0.09em;\">VER +<\/span><\/div><\/div><\/a><\/div>\t\t\t\t<\/div>\n\t\t\t\t\t\t\t\t\t\t\t\t\t\t\t<div class=\"elementor-swiper-button elementor-swiper-button-prev\" role=\"button\" tabindex=\"0\" aria-label=\"Slide anterior\">\n\t\t\t\t\t\t\t<svg aria-hidden=\"true\" class=\"e-font-icon-svg e-eicon-chevron-left\" viewbox=\"0 0 1000 1000\" xmlns=\"http:\/\/www.w3.org\/2000\/svg\"><path d=\"M646 125C629 125 613 133 604 142L308 442C296 454 292 471 292 487 292 504 296 521 308 533L604 854C617 867 629 875 646 875 663 875 679 871 692 858 704 846 713 829 713 812 713 796 708 779 692 767L438 487 692 225C700 217 708 204 708 187 708 171 704 154 692 142 675 129 663 125 646 125Z\"><\/path><\/svg>\t\t\t\t\t\t<\/div>\n\t\t\t\t\t\t<div class=\"elementor-swiper-button elementor-swiper-button-next\" role=\"button\" tabindex=\"0\" aria-label=\"Pr\u00f3ximo slide\">\n\t\t\t\t\t\t\t<svg aria-hidden=\"true\" class=\"e-font-icon-svg e-eicon-chevron-right\" viewbox=\"0 0 1000 1000\" xmlns=\"http:\/\/www.w3.org\/2000\/svg\"><path d=\"M696 533C708 521 713 504 713 487 713 471 708 454 696 446L400 146C388 133 375 125 354 125 338 125 325 129 313 142 300 154 292 171 292 187 292 204 296 221 308 233L563 492 304 771C292 783 288 800 288 817 288 833 296 850 308 863 321 871 338 875 354 875 371 875 388 867 400 854L696 533Z\"><\/path><\/svg>\t\t\t\t\t\t<\/div>\n\t\t\t\t\t\t\t\t\t\t\t\t\t\t\t\t\t<\/div>\n\t\t\t\t\t\t\t\t<\/div>\n\t\t\t\t<\/div>\n\t\t<div class=\"elementor-element elementor-element-da6ff93 e-flex e-con-boxed wpr-particle-no wpr-jarallax-no wpr-parallax-no wpr-sticky-section-no wpr-column-slider-no wpr-equal-height-no e-con e-parent\" data-id=\"da6ff93\" data-element_type=\"container\" data-e-type=\"container\">\n\t\t\t\t\t<div class=\"e-con-inner\">\n\t\t\t\t<div class=\"elementor-element elementor-element-e5416ed elementor-widget__width-initial elementor-widget elementor-widget-heading\" data-id=\"e5416ed\" data-element_type=\"widget\" data-e-type=\"widget\" data-widget_type=\"heading.default\">\n\t\t\t\t\t<h2 class=\"elementor-heading-title elementor-size-default translation-block\">Acompanha artistas, galerias e institui\u00e7\u00f5es na coordena\u00e7\u00e3o estrat\u00e9gica e operacional de projetos art\u00edsticos com foco em rela\u00e7\u00f5es institucionais e inser\u00e7\u00e3o internacional \u2014 <i>desde 2017.<\/i><\/h2>\t\t\t\t<\/div>\n\t\t\t\t\t<\/div>\n\t\t\t\t<\/div>\n\t\t\t\t<\/div>","protected":false},"excerpt":{"rendered":"<p>Carlos Nunes solo exhibition | ABASEDOTETODESABA @ 3+1 Gallery | VIEW +Carlos Nunes solo exhibition | PRONCOV\u00d4 @ Appleton | VIEW +Collective Art Show @ \u00e3 (independent art space in LX) | VIEW +Nuno Sousa Vieira solo exhibition | um entre n\u00f3s @ Galeria Raquel Arnaud | VIEW +Pela Terra &#8211; Biennial Gathering of Art &#038; Ecology (2023-2025) | VIEW + Assisting artists, galleries, and institutions in managing the operational and strategic dimensions of artistic practice, public engagement, and international presence. &#8211; Since 2017<\/p>","protected":false},"author":2,"featured_media":91,"parent":0,"menu_order":0,"comment_status":"closed","ping_status":"closed","template":"elementor_header_footer","meta":{"footnotes":""},"class_list":["post-11","page","type-page","status-publish","has-post-thumbnail","hentry"],"_links":{"self":[{"href":"https:\/\/saliaison.com\/pt\/wp-json\/wp\/v2\/pages\/11","targetHints":{"allow":["GET"]}}],"collection":[{"href":"https:\/\/saliaison.com\/pt\/wp-json\/wp\/v2\/pages"}],"about":[{"href":"https:\/\/saliaison.com\/pt\/wp-json\/wp\/v2\/types\/page"}],"author":[{"embeddable":true,"href":"https:\/\/saliaison.com\/pt\/wp-json\/wp\/v2\/users\/2"}],"replies":[{"embeddable":true,"href":"https:\/\/saliaison.com\/pt\/wp-json\/wp\/v2\/comments?post=11"}],"version-history":[{"count":172,"href":"https:\/\/saliaison.com\/pt\/wp-json\/wp\/v2\/pages\/11\/revisions"}],"predecessor-version":[{"id":643,"href":"https:\/\/saliaison.com\/pt\/wp-json\/wp\/v2\/pages\/11\/revisions\/643"}],"wp:featuredmedia":[{"embeddable":true,"href":"https:\/\/saliaison.com\/pt\/wp-json\/wp\/v2\/media\/91"}],"wp:attachment":[{"href":"https:\/\/saliaison.com\/pt\/wp-json\/wp\/v2\/media?parent=11"}],"curies":[{"name":"wp","href":"https:\/\/api.w.org\/{rel}","templated":true}]}}